{"id":1528,"date":"2024-01-12T07:49:42","date_gmt":"2024-01-12T07:49:42","guid":{"rendered":"https:\/\/www.qualityexportsm.com\/beta\/?post_type=product&#038;p=1528"},"modified":"2024-02-08T02:55:35","modified_gmt":"2024-02-08T02:55:35","slug":"zutano","status":"publish","type":"product","link":"https:\/\/www.qualityexportsm.com\/beta\/producto\/zutano\/","title":{"rendered":"Zutano"},"content":{"rendered":"","protected":false},"excerpt":{"rendered":"<p>La variedad Zutano (nombre cient\u00edfico: Persea grat\u00edsima de familia Laur\u00e1cea) se caracteriza fundamentalmente por ser una variedad muy resistente al frio. Posee una forma de pera y una piel muy brillante, delgada, lisa y de color verde claro<\/p>\n","protected":false},"featured_media":1616,"template":"","meta":[],"product_brand":[],"product_cat":[24],"product_tag":[],"class_list":{"0":"post-1528","1":"product","2":"type-product","3":"status-publish","4":"has-post-thumbnail","6":"product_cat-palta","8":"first","9":"instock","10":"shipping-taxable","11":"product-type-simple"},"_links":{"self":[{"href":"https:\/\/www.qualityexportsm.com\/beta\/wp-json\/wp\/v2\/product\/1528","targetHints":{"allow":["GET"]}}],"collection":[{"href":"https:\/\/www.qualityexportsm.com\/beta\/wp-json\/wp\/v2\/product"}],"about":[{"href":"https:\/\/www.qualityexportsm.com\/beta\/wp-json\/wp\/v2\/types\/product"}],"wp:featuredmedia":[{"embeddable":true,"href":"https:\/\/www.qualityexportsm.com\/beta\/wp-json\/wp\/v2\/media\/1616"}],"wp:attachment":[{"href":"https:\/\/www.qualityexportsm.com\/beta\/wp-json\/wp\/v2\/media?parent=1528"}],"wp:term":[{"taxonomy":"product_brand","embeddable":true,"href":"https:\/\/www.qualityexportsm.com\/beta\/wp-json\/wp\/v2\/product_brand?post=1528"},{"taxonomy":"product_cat","embeddable":true,"href":"https:\/\/www.qualityexportsm.com\/beta\/wp-json\/wp\/v2\/product_cat?post=1528"},{"taxonomy":"product_tag","embeddable":true,"href":"https:\/\/www.qualityexportsm.com\/beta\/wp-json\/wp\/v2\/product_tag?post=1528"}],"curies":[{"name":"wp","href":"https:\/\/api.w.org\/{rel}","templated":true}]}}