{"id":1530,"date":"2024-01-12T07:50:45","date_gmt":"2024-01-12T07:50:45","guid":{"rendered":"https:\/\/www.qualityexportsm.com\/beta\/?post_type=product&#038;p=1530"},"modified":"2024-02-08T06:25:10","modified_gmt":"2024-02-08T06:25:10","slug":"fuerte","status":"publish","type":"product","link":"https:\/\/www.qualityexportsm.com\/beta\/producto\/fuerte\/","title":{"rendered":"Fuerte"},"content":{"rendered":"","protected":false},"excerpt":{"rendered":"<p>Es la variedad m\u00e1s consumida y la preferida por el p\u00fablico peruano. Tiene una forma alargada, con un extremo m\u00e1s angosto que el otro, y puede llegar a pesar entre 300 y 400 gramos. Su c\u00e1scara ligeramente gruesa, m\u00e1s lisa que las otras dos y verde con peque\u00f1os puntos amarillos. Su pulpa va del amarillo al verde (cuanto m\u00e1s pegada a la c\u00e1scara).<\/p>\n","protected":false},"featured_media":1618,"template":"","meta":[],"product_brand":[],"product_cat":[24],"product_tag":[],"class_list":{"0":"post-1530","1":"product","2":"type-product","3":"status-publish","4":"has-post-thumbnail","6":"product_cat-palta","8":"first","9":"instock","10":"featured","11":"shipping-taxable","12":"product-type-simple"},"_links":{"self":[{"href":"https:\/\/www.qualityexportsm.com\/beta\/wp-json\/wp\/v2\/product\/1530","targetHints":{"allow":["GET"]}}],"collection":[{"href":"https:\/\/www.qualityexportsm.com\/beta\/wp-json\/wp\/v2\/product"}],"about":[{"href":"https:\/\/www.qualityexportsm.com\/beta\/wp-json\/wp\/v2\/types\/product"}],"wp:featuredmedia":[{"embeddable":true,"href":"https:\/\/www.qualityexportsm.com\/beta\/wp-json\/wp\/v2\/media\/1618"}],"wp:attachment":[{"href":"https:\/\/www.qualityexportsm.com\/beta\/wp-json\/wp\/v2\/media?parent=1530"}],"wp:term":[{"taxonomy":"product_brand","embeddable":true,"href":"https:\/\/www.qualityexportsm.com\/beta\/wp-json\/wp\/v2\/product_brand?post=1530"},{"taxonomy":"product_cat","embeddable":true,"href":"https:\/\/www.qualityexportsm.com\/beta\/wp-json\/wp\/v2\/product_cat?post=1530"},{"taxonomy":"product_tag","embeddable":true,"href":"https:\/\/www.qualityexportsm.com\/beta\/wp-json\/wp\/v2\/product_tag?post=1530"}],"curies":[{"name":"wp","href":"https:\/\/api.w.org\/{rel}","templated":true}]}}