{"id":1533,"date":"2024-01-12T07:54:04","date_gmt":"2024-01-12T07:54:04","guid":{"rendered":"https:\/\/www.qualityexportsm.com\/beta\/?post_type=product&#038;p=1533"},"modified":"2024-02-07T05:49:03","modified_gmt":"2024-02-07T05:49:03","slug":"w-murcott","status":"publish","type":"product","link":"https:\/\/www.qualityexportsm.com\/beta\/producto\/w-murcott\/","title":{"rendered":"W. Murcott"},"content":{"rendered":"","protected":false},"excerpt":{"rendered":"<p>La Mandarina W Murcott se caracteriza por tener pocas o casi nada de semillas, su sabor es intenso y es muy f\u00e1cil de pelar ya que tiene una cascara lisa y textura suave. Por esta raz\u00f3n, se convierte en la favorita de todos, muchos la prefieren para hacer compotas, mermeladas o jugos.<br \/>\nEstas mandarinas W Murcott, contienen abundante agua con respecto a otros c\u00edtricos, lo que implica que tienen menos calor\u00edas por el bajo contenido de fructuosa. No obstante, nada impide que sea una de frutas ideales para refrescarse en \u00e9pocas de verano.<\/p>\n","protected":false},"featured_media":1539,"template":"","meta":[],"product_brand":[],"product_cat":[25],"product_tag":[],"class_list":{"0":"post-1533","1":"product","2":"type-product","3":"status-publish","4":"has-post-thumbnail","6":"product_cat-frutos-citricos","8":"first","9":"instock","10":"featured","11":"shipping-taxable","12":"product-type-simple"},"_links":{"self":[{"href":"https:\/\/www.qualityexportsm.com\/beta\/wp-json\/wp\/v2\/product\/1533","targetHints":{"allow":["GET"]}}],"collection":[{"href":"https:\/\/www.qualityexportsm.com\/beta\/wp-json\/wp\/v2\/product"}],"about":[{"href":"https:\/\/www.qualityexportsm.com\/beta\/wp-json\/wp\/v2\/types\/product"}],"wp:featuredmedia":[{"embeddable":true,"href":"https:\/\/www.qualityexportsm.com\/beta\/wp-json\/wp\/v2\/media\/1539"}],"wp:attachment":[{"href":"https:\/\/www.qualityexportsm.com\/beta\/wp-json\/wp\/v2\/media?parent=1533"}],"wp:term":[{"taxonomy":"product_brand","embeddable":true,"href":"https:\/\/www.qualityexportsm.com\/beta\/wp-json\/wp\/v2\/product_brand?post=1533"},{"taxonomy":"product_cat","embeddable":true,"href":"https:\/\/www.qualityexportsm.com\/beta\/wp-json\/wp\/v2\/product_cat?post=1533"},{"taxonomy":"product_tag","embeddable":true,"href":"https:\/\/www.qualityexportsm.com\/beta\/wp-json\/wp\/v2\/product_tag?post=1533"}],"curies":[{"name":"wp","href":"https:\/\/api.w.org\/{rel}","templated":true}]}}