{"id":249,"date":"2022-01-13T17:06:32","date_gmt":"2022-01-13T17:06:32","guid":{"rendered":"https:\/\/demo.creativethemes.com\/blocksy\/floreo\/?post_type=product&#038;p=249"},"modified":"2024-02-08T02:59:29","modified_gmt":"2024-02-08T02:59:29","slug":"hass","status":"publish","type":"product","link":"https:\/\/www.qualityexportsm.com\/beta\/producto\/hass\/","title":{"rendered":"Hass"},"content":{"rendered":"","protected":false},"excerpt":{"rendered":"<div class=\"g-text\">\n<p>La principal caracter\u00edstica de esta variedad, es su cascara. La cascara de la palta Hass se distingue principalmente por su rugosidad, adem\u00e1s, cuando alcanza el punto de la maduraci\u00f3n su cascara cambia del color verde a un color marr\u00f3n oscuro distingui\u00e9ndola de las dem\u00e1s variedades f\u00e1cilmente. Asimismo, su pulpa de la Palta Hass no tiene fibra y presenta un contenido de hasta un 20% de aceite, convirti\u00e9ndola en un fruto altamente nutritivo por su alto contenido de \u00e1cidos grasos insaturados y vitaminas.<\/p>\n<\/div>\n","protected":false},"featured_media":1570,"template":"","meta":[],"product_brand":[],"product_cat":[24],"product_tag":[],"class_list":{"0":"post-249","1":"product","2":"type-product","3":"status-publish","4":"has-post-thumbnail","6":"product_cat-palta","8":"first","9":"instock","10":"featured","11":"shipping-taxable","12":"product-type-simple"},"_links":{"self":[{"href":"https:\/\/www.qualityexportsm.com\/beta\/wp-json\/wp\/v2\/product\/249","targetHints":{"allow":["GET"]}}],"collection":[{"href":"https:\/\/www.qualityexportsm.com\/beta\/wp-json\/wp\/v2\/product"}],"about":[{"href":"https:\/\/www.qualityexportsm.com\/beta\/wp-json\/wp\/v2\/types\/product"}],"wp:featuredmedia":[{"embeddable":true,"href":"https:\/\/www.qualityexportsm.com\/beta\/wp-json\/wp\/v2\/media\/1570"}],"wp:attachment":[{"href":"https:\/\/www.qualityexportsm.com\/beta\/wp-json\/wp\/v2\/media?parent=249"}],"wp:term":[{"taxonomy":"product_brand","embeddable":true,"href":"https:\/\/www.qualityexportsm.com\/beta\/wp-json\/wp\/v2\/product_brand?post=249"},{"taxonomy":"product_cat","embeddable":true,"href":"https:\/\/www.qualityexportsm.com\/beta\/wp-json\/wp\/v2\/product_cat?post=249"},{"taxonomy":"product_tag","embeddable":true,"href":"https:\/\/www.qualityexportsm.com\/beta\/wp-json\/wp\/v2\/product_tag?post=249"}],"curies":[{"name":"wp","href":"https:\/\/api.w.org\/{rel}","templated":true}]}}