{"id":481,"date":"2022-01-14T17:21:10","date_gmt":"2022-01-14T17:21:10","guid":{"rendered":"https:\/\/demo.creativethemes.com\/blocksy\/floreo\/?post_type=product&#038;p=481"},"modified":"2024-02-08T02:57:08","modified_gmt":"2024-02-08T02:57:08","slug":"wonderful","status":"publish","type":"product","link":"https:\/\/www.qualityexportsm.com\/beta\/producto\/wonderful\/","title":{"rendered":"Wonderful"},"content":{"rendered":"","protected":false},"excerpt":{"rendered":"<p>Las granadas wonderful son una variedad bastante llamativa en color y de sabor bastante exc\u00e9ntrico entre la familia de las P\u00fanicaceaes. Originaria de Ir\u00e1n, \u00e9sta fruta ha tenido gran aceptaci\u00f3n en Espa\u00f1a y es aqu\u00ed donde se cultiva con mayor extensi\u00f3n, formando parte de nuestro d\u00eda a d\u00eda, en dieta y jugos.<\/p>\n<p>La granada (Punica Granatum) es una fruta carnosa que presenta una corteza gruesa de color naranja-dorado; el interior de una granada est\u00e1 dividido en varias c\u00e1maras por medio de una membrana blanquecina. Cada recept\u00e1culo alberga numerosas semillas, cada una de las cuales est\u00e1 cubierta de una pulpa abayada y de color rosa o rojo; una pulpa jugosa, refrescante y de sabor agridulce.<\/p>\n","protected":false},"featured_media":1542,"template":"","meta":[],"product_brand":[],"product_cat":[33],"product_tag":[],"class_list":{"0":"post-481","1":"product","2":"type-product","3":"status-publish","4":"has-post-thumbnail","6":"product_cat-granada","8":"first","9":"instock","10":"shipping-taxable","11":"product-type-simple"},"_links":{"self":[{"href":"https:\/\/www.qualityexportsm.com\/beta\/wp-json\/wp\/v2\/product\/481","targetHints":{"allow":["GET"]}}],"collection":[{"href":"https:\/\/www.qualityexportsm.com\/beta\/wp-json\/wp\/v2\/product"}],"about":[{"href":"https:\/\/www.qualityexportsm.com\/beta\/wp-json\/wp\/v2\/types\/product"}],"wp:featuredmedia":[{"embeddable":true,"href":"https:\/\/www.qualityexportsm.com\/beta\/wp-json\/wp\/v2\/media\/1542"}],"wp:attachment":[{"href":"https:\/\/www.qualityexportsm.com\/beta\/wp-json\/wp\/v2\/media?parent=481"}],"wp:term":[{"taxonomy":"product_brand","embeddable":true,"href":"https:\/\/www.qualityexportsm.com\/beta\/wp-json\/wp\/v2\/product_brand?post=481"},{"taxonomy":"product_cat","embeddable":true,"href":"https:\/\/www.qualityexportsm.com\/beta\/wp-json\/wp\/v2\/product_cat?post=481"},{"taxonomy":"product_tag","embeddable":true,"href":"https:\/\/www.qualityexportsm.com\/beta\/wp-json\/wp\/v2\/product_tag?post=481"}],"curies":[{"name":"wp","href":"https:\/\/api.w.org\/{rel}","templated":true}]}}