{"id":86,"date":"2022-01-13T08:51:22","date_gmt":"2022-01-13T08:51:22","guid":{"rendered":"https:\/\/demo.creativethemes.com\/blocksy\/floreo\/?post_type=product&#038;p=86"},"modified":"2024-02-08T03:00:16","modified_gmt":"2024-02-08T03:00:16","slug":"malvaceo","status":"publish","type":"product","link":"https:\/\/www.qualityexportsm.com\/beta\/producto\/malvaceo\/","title":{"rendered":"Malvaceo"},"content":{"rendered":"","protected":false},"excerpt":{"rendered":"<p>Las mandarinas Malvaceo est\u00e1n consideradas como una de las mandarinas que contienen mayores niveles de vitamina C y fibras. Su piel tiene una textura m\u00e1s suave y jugosa. Este tipo de mandarina tiene semilla y normalmente tiene de 3 a 6 semillas por fruto aproximadamente.<\/p>\n<p>Es una de las frutas de mayor producci\u00f3n en el mundo, originaria del sudeste asi\u00e1tico, donde los c\u00edtricos se originaron hace unos 20 millones de a\u00f1os. Tiene un alto contenido de vitamina C, flavonoides, aceites esenciales y antioxidantes que ayudan a prevenir el c\u00e1ncer. Los frutos son de tama\u00f1o menor que la naranja, est\u00e1n distribuidos en gajos y tienen una pulpa formada por ves\u00edculas llenas de jugo muy arom\u00e1tico; la piel se separa f\u00e1cilmente de la pulpa, lo que unido a su aroma y buen sabor las hace muy apreciadas. Existen diversas variedades, entre ellas las clementinas (muy apreciadas porque carecen de semillas), clemenvillas, h\u00edbridos y satsumas.<\/p>\n","protected":false},"featured_media":1572,"template":"","meta":[],"product_brand":[],"product_cat":[25],"product_tag":[],"class_list":{"0":"post-86","1":"product","2":"type-product","3":"status-publish","4":"has-post-thumbnail","6":"product_cat-frutos-citricos","8":"first","9":"instock","10":"shipping-taxable","11":"product-type-simple"},"_links":{"self":[{"href":"https:\/\/www.qualityexportsm.com\/beta\/wp-json\/wp\/v2\/product\/86","targetHints":{"allow":["GET"]}}],"collection":[{"href":"https:\/\/www.qualityexportsm.com\/beta\/wp-json\/wp\/v2\/product"}],"about":[{"href":"https:\/\/www.qualityexportsm.com\/beta\/wp-json\/wp\/v2\/types\/product"}],"wp:featuredmedia":[{"embeddable":true,"href":"https:\/\/www.qualityexportsm.com\/beta\/wp-json\/wp\/v2\/media\/1572"}],"wp:attachment":[{"href":"https:\/\/www.qualityexportsm.com\/beta\/wp-json\/wp\/v2\/media?parent=86"}],"wp:term":[{"taxonomy":"product_brand","embeddable":true,"href":"https:\/\/www.qualityexportsm.com\/beta\/wp-json\/wp\/v2\/product_brand?post=86"},{"taxonomy":"product_cat","embeddable":true,"href":"https:\/\/www.qualityexportsm.com\/beta\/wp-json\/wp\/v2\/product_cat?post=86"},{"taxonomy":"product_tag","embeddable":true,"href":"https:\/\/www.qualityexportsm.com\/beta\/wp-json\/wp\/v2\/product_tag?post=86"}],"curies":[{"name":"wp","href":"https:\/\/api.w.org\/{rel}","templated":true}]}}